{"id":1617,"date":"2023-07-15T23:25:47","date_gmt":"2023-07-15T21:25:47","guid":{"rendered":"https:\/\/neon-lingerie.com\/?page_id=1617"},"modified":"2023-08-23T15:04:34","modified_gmt":"2023-08-23T13:04:34","slug":"informacije-o-dostavi","status":"publish","type":"page","link":"https:\/\/neon-lingerie.com\/en\/informacije-o-dostavi\/","title":{"rendered":"Delivery information"},"content":{"rendered":"<style>.elementor-1617 .elementor-element.elementor-element-95294bc:not(.elementor-motion-effects-element-type-background), .elementor-1617 .elementor-element.elementor-element-95294bc > .elementor-motion-effects-container > .elementor-motion-effects-layer{background-color:var( --e-global-color-primary );}.elementor-1617 .elementor-element.elementor-element-95294bc > .elementor-background-overlay{background-color:#000000;opacity:0.55;transition:background 0.3s, border-radius 0.3s, opacity 0.3s;}.elementor-1617 .elementor-element.elementor-element-95294bc > .elementor-container{max-width:1280px;}.elementor-1617 .elementor-element.elementor-element-95294bc{transition:background 0.3s, border 0.3s, border-radius 0.3s, box-shadow 0.3s;margin-top:0px;margin-bottom:0px;padding:180px 0px 120px 0px;}.elementor-1617 .elementor-element.elementor-element-b31653d > .elementor-element-populated{padding:0px 0px 0px 0px;}.elementor-1617 .elementor-element.elementor-element-ee07a59{text-align:start;}.elementor-1617 .elementor-element.elementor-element-ee07a59 .elementor-heading-title{font-family:var( --e-global-typography-secondary-font-family ), Sans-serif;font-size:var( --e-global-typography-secondary-font-size );font-weight:var( --e-global-typography-secondary-font-weight );text-transform:var( --e-global-typography-secondary-text-transform );color:var( --e-global-color-bbd710c );}.elementor-1617 .elementor-element.elementor-element-ab7effe{color:var( --e-global-color-bbd710c );}@media(max-width:1024px){.elementor-1617 .elementor-element.elementor-element-95294bc{padding:60px 10px 60px 10px;}.elementor-1617 .elementor-element.elementor-element-ee07a59 .elementor-heading-title{font-size:var( --e-global-typography-secondary-font-size );}}@media(max-width:767px){.elementor-1617 .elementor-element.elementor-element-ee07a59 .elementor-heading-title{font-size:var( --e-global-typography-secondary-font-size );}}<\/style>\t\t<div data-elementor-type=\"wp-page\" data-elementor-id=\"1617\" class=\"elementor elementor-1617\">\n\t\t\t\t\t\t<section class=\"elementor-section elementor-top-section elementor-element elementor-element-95294bc elementor-section-boxed elementor-section-height-default elementor-section-height-default\" data-id=\"95294bc\" data-element_type=\"section\" data-settings=\"{&quot;background_background&quot;:&quot;classic&quot;}\">\n\t\t\t\t\t\t\t<div class=\"elementor-background-overlay\"><\/div>\n\t\t\t\t\t\t\t<div class=\"elementor-container elementor-column-gap-default\">\n\t\t\t\t\t<div class=\"elementor-column elementor-col-100 elementor-top-column elementor-element elementor-element-b31653d\" data-id=\"b31653d\" data-element_type=\"column\">\n\t\t\t<div class=\"elementor-widget-wrap elementor-element-populated\">\n\t\t\t\t\t\t<div class=\"elementor-element elementor-element-ee07a59 elementor-widget elementor-widget-heading\" data-id=\"ee07a59\" data-element_type=\"widget\" data-widget_type=\"heading.default\">\n\t\t\t\t<div class=\"elementor-widget-container\">\n\t\t\t\t\t<h2 class=\"elementor-heading-title elementor-size-default\">Delivery information<\/h2>\t\t\t\t<\/div>\n\t\t\t\t<\/div>\n\t\t\t\t<div class=\"elementor-element elementor-element-ab7effe elementor-widget elementor-widget-text-editor\" data-id=\"ab7effe\" data-element_type=\"widget\" data-widget_type=\"text-editor.default\">\n\t\t\t\t<div class=\"elementor-widget-container\">\n\t\t\t\t\t\t\t\t\t<p>DELIVERY CONDITIONS<\/p><p><strong><em>Delivery<\/em><\/strong><\/p><p>The offer and prices on our website are updated on a daily basis.\u00a0<\/p><p><strong><em>Delivery time<\/em><\/strong><\/p><p>After your confirmation, the order was systematically forwarded to the internet sales service, while a copy of the forwarded document or order was sent to your specified email. After that, you can expect your package in the next 5 working days. If your order is available, we will notify you the day before delivery. Otherwise, as there is a possibility that due to great interest and demand for the item in your basket, the desired item will not be delivered due to limited stock, you will be notified within 24 hours.<\/p><p><strong><em>Taking delivery of the shipment<\/em><\/strong><\/p><p>The company that delivers goods for Neon Lingerie is BEX courier service. Couriers bring shipments to the address between 08:00 and 16:00. The courier tries to deliver each shipment twice. It is usual that if you are not at the address, the courier will call you on the phone number you left in order to arrange a new time to pick up the delivery. If you are still not at the address then, the delivery will be returned.<\/p><p><strong><em>Delivery price<\/em><\/strong><\/p><p>The price of package delivery is 480 RSD for orders under 8.000 RSD regardless of the number of items ordered within one order.<br \/>For orders over 8.000 RSD postage is free.<\/p><p>The price for other countries varies. For Australia, delivery is 30\u20ac, and for all other countries outside of Serbia, delivery is 15\u20ac.<\/p><p><strong><em>Delivery<\/em><\/strong><\/p><p>Delivery via Bex is possible only on the territory of Serbia.<\/p><p><em><strong>Method of payment<\/strong><\/em><\/p><p>Payment for purchased products is possible in three ways:<br \/>1. Electronically (by card) through the website<br \/>2. To the borrower (in cash) upon collection<\/p>\t\t\t\t\t\t\t\t<\/div>\n\t\t\t\t<\/div>\n\t\t\t\t\t<\/div>\n\t\t<\/div>\n\t\t\t\t\t<\/div>\n\t\t<\/section>\n\t\t\t\t<\/div>","protected":false},"excerpt":{"rendered":"<p>Informacije o dostavi USLOVI ISPORUKE Isporuka Ponuda i cene na na\u0161em sajtu a\u017eurni su na dnevnom nivou.\u00a0 Rok Isporuke Nakon Va\u0161e potvrde, porud\u017ebina je sistemski prosle\u0111ena slu\u017ebi internet prodaje, dok je kopija prosle\u0111enog dokumenta odnosno narud\u017ebe poslata na Va\u0161 navedeni mail. Nakon toga Va\u0161 paket mo\u017eete o\u010dekivati u narednih 5 radnih dana. Ukoliko je Va\u0161a [&hellip;]<\/p>","protected":false},"author":3,"featured_media":0,"parent":0,"menu_order":0,"comment_status":"closed","ping_status":"closed","template":"elementor_header_footer","meta":{"om_disable_all_campaigns":false,"_monsterinsights_skip_tracking":false,"_monsterinsights_sitenote_active":false,"_monsterinsights_sitenote_note":"","_monsterinsights_sitenote_category":0,"footnotes":""},"class_list":["post-1617","page","type-page","status-publish","hentry"],"aioseo_notices":[],"_links":{"self":[{"href":"https:\/\/neon-lingerie.com\/en\/wp-json\/wp\/v2\/pages\/1617","targetHints":{"allow":["GET"]}}],"collection":[{"href":"https:\/\/neon-lingerie.com\/en\/wp-json\/wp\/v2\/pages"}],"about":[{"href":"https:\/\/neon-lingerie.com\/en\/wp-json\/wp\/v2\/types\/page"}],"author":[{"embeddable":true,"href":"https:\/\/neon-lingerie.com\/en\/wp-json\/wp\/v2\/users\/3"}],"replies":[{"embeddable":true,"href":"https:\/\/neon-lingerie.com\/en\/wp-json\/wp\/v2\/comments?post=1617"}],"version-history":[{"count":10,"href":"https:\/\/neon-lingerie.com\/en\/wp-json\/wp\/v2\/pages\/1617\/revisions"}],"predecessor-version":[{"id":2032,"href":"https:\/\/neon-lingerie.com\/en\/wp-json\/wp\/v2\/pages\/1617\/revisions\/2032"}],"wp:attachment":[{"href":"https:\/\/neon-lingerie.com\/en\/wp-json\/wp\/v2\/media?parent=1617"}],"curies":[{"name":"wp","href":"https:\/\/api.w.org\/{rel}","templated":true}]}}