{"id":2647,"date":"2024-11-07T06:14:05","date_gmt":"2024-11-07T04:14:05","guid":{"rendered":"https:\/\/neon-lingerie.com\/?page_id=2647"},"modified":"2024-11-07T06:17:03","modified_gmt":"2024-11-07T04:17:03","slug":"bez-zice","status":"publish","type":"page","link":"https:\/\/neon-lingerie.com\/en\/bez-zice\/","title":{"rendered":"No wire"},"content":{"rendered":"<style>.elementor-2647 .elementor-element.elementor-element-9b56486:not(.elementor-motion-effects-element-type-background), .elementor-2647 .elementor-element.elementor-element-9b56486 > .elementor-motion-effects-container > .elementor-motion-effects-layer{background-color:var( --e-global-color-primary );}.elementor-2647 .elementor-element.elementor-element-9b56486 > .elementor-container{max-width:1280px;}.elementor-2647 .elementor-element.elementor-element-9b56486{transition:background 0.3s, border 0.3s, border-radius 0.3s, box-shadow 0.3s;padding:180px 0px 60px 0px;}.elementor-2647 .elementor-element.elementor-element-9b56486 > .elementor-background-overlay{transition:background 0.3s, border-radius 0.3s, opacity 0.3s;}.elementor-2647 .elementor-element.elementor-element-b6cdb88 > .elementor-element-populated{padding:0px 0px 0px 0px;}.elementor-2647 .elementor-element.elementor-element-f4660fb{text-align:center;}.elementor-2647 .elementor-element.elementor-element-f4660fb .elementor-heading-title{font-family:var( --e-global-typography-secondary-font-family ), Sans-serif;font-size:var( --e-global-typography-secondary-font-size );font-weight:var( --e-global-typography-secondary-font-weight );text-transform:var( --e-global-typography-secondary-text-transform );color:var( --e-global-color-bbd710c );}.elementor-2647 .elementor-element.elementor-element-3bb3016:not(.elementor-motion-effects-element-type-background), .elementor-2647 .elementor-element.elementor-element-3bb3016 > .elementor-motion-effects-container > .elementor-motion-effects-layer{background-color:var( --e-global-color-primary );}.elementor-2647 .elementor-element.elementor-element-3bb3016 > .elementor-container{max-width:1280px;}.elementor-2647 .elementor-element.elementor-element-3bb3016{transition:background 0.3s, border 0.3s, border-radius 0.3s, box-shadow 0.3s;padding:0px 0px 80px 0px;}.elementor-2647 .elementor-element.elementor-element-3bb3016 > .elementor-background-overlay{transition:background 0.3s, border-radius 0.3s, opacity 0.3s;}.elementor-2647 .elementor-element.elementor-element-16e75a9{text-align:start;}.elementor-2647 .elementor-element.elementor-element-16e75a9 .elementor-heading-title{font-family:\"Cormorant\", Sans-serif;font-size:30px;font-weight:500;text-transform:uppercase;color:var( --e-global-color-bbd710c );}.elementor-2647 .elementor-element.elementor-element-b873b39 .elementor-icon-list-icon i{color:var( --e-global-color-bbd710c );transition:color 0.3s;}.elementor-2647 .elementor-element.elementor-element-b873b39 .elementor-icon-list-icon svg{fill:var( --e-global-color-bbd710c );transition:fill 0.3s;}.elementor-2647 .elementor-element.elementor-element-b873b39 .elementor-icon-list-item:hover .elementor-icon-list-icon i{color:var( --e-global-color-244b30c );}.elementor-2647 .elementor-element.elementor-element-b873b39 .elementor-icon-list-item:hover .elementor-icon-list-icon svg{fill:var( --e-global-color-244b30c );}.elementor-2647 .elementor-element.elementor-element-b873b39{--e-icon-list-icon-size:14px;--icon-vertical-offset:0px;}.elementor-2647 .elementor-element.elementor-element-b873b39 .elementor-icon-list-item > .elementor-icon-list-text, .elementor-2647 .elementor-element.elementor-element-b873b39 .elementor-icon-list-item > a{font-family:var( --e-global-typography-8455a92-font-family ), Sans-serif;font-size:var( --e-global-typography-8455a92-font-size );font-weight:var( --e-global-typography-8455a92-font-weight );text-transform:var( --e-global-typography-8455a92-text-transform );}.elementor-2647 .elementor-element.elementor-element-b873b39 .elementor-icon-list-text{color:var( --e-global-color-bbd710c );transition:color 0.3s;}.elementor-2647 .elementor-element.elementor-element-b873b39 .elementor-icon-list-item:hover .elementor-icon-list-text{color:var( --e-global-color-accent );}.elementor-2647 .elementor-element.elementor-element-f93bf4a > .elementor-element-populated{padding:0px 0px 0px 20px;}.elementor-2647 .elementor-element.elementor-element-a6c9c1c .jeg-elementor-kit.jkit-product-grid .woocommerce ul.products li.product .product-link span.text{background-color:var( --e-global-color-accent );color:var( --e-global-color-bbd710c );}.elementor-2647 .elementor-element.elementor-element-a6c9c1c .jeg-elementor-kit.jkit-product-grid .woocommerce ul.products li.product .product-link span.percent{background-color:var( --e-global-color-primary );color:var( --e-global-color-bbd710c );}.elementor-2647 .elementor-element.elementor-element-a6c9c1c .jeg-elementor-kit.jkit-product-grid .product .button{background-color:var( --e-global-color-244b30c );padding:18px 28px 18px 28px;font-family:var( --e-global-typography-accent-font-family ), Sans-serif;font-size:var( --e-global-typography-accent-font-size );font-weight:var( --e-global-typography-accent-font-weight );color:var( --e-global-color-bbd710c );border-style:solid;border-width:1px 1px 1px 1px;border-color:var( --e-global-color-244b30c );}.elementor-2647 .elementor-element.elementor-element-a6c9c1c > .elementor-widget-container{margin:20px 0px 0px 0px;}.elementor-2647 .elementor-element.elementor-element-a6c9c1c .jkit-product-grid{--product-grid-column:4;}.elementor-2647 .elementor-element.elementor-element-a6c9c1c .jeg-elementor-kit.jkit-product-grid .jkit-products{grid-row-gap:60px;}.elementor-2647 .elementor-element.elementor-element-a6c9c1c .jeg-elementor-kit.jkit-product-grid .jkit-products, .elementor-2647 .elementor-element.elementor-element-a6c9c1c .jeg-elementor-kit.jkit-product-carousel .jkit-products .button{text-align:center;}.elementor-2647 .elementor-element.elementor-element-a6c9c1c .jeg-elementor-kit.jkit-product-grid .star-rating{--rating-margin-center:0;font-size:13px;}.elementor-2647 .elementor-element.elementor-element-a6c9c1c .jeg-elementor-kit.jkit-product-grid .woocommerce ul.products li.product .product-link span.onsale{width:82px;height:40px;--jkit-onsale-height:40px;left:12px;top:12px;--jkit-onsale-gap:5px;font-family:var( --e-global-typography-a09f23a-font-family ), Sans-serif;font-size:var( --e-global-typography-a09f23a-font-size );font-weight:var( --e-global-typography-a09f23a-font-weight );text-transform:var( --e-global-typography-a09f23a-text-transform );}.elementor-2647 .elementor-element.elementor-element-a6c9c1c .jeg-elementor-kit.jkit-product-grid .product-title{font-family:var( --e-global-typography-a3c2c27-font-family ), Sans-serif;font-size:var( --e-global-typography-a3c2c27-font-size );font-weight:var( --e-global-typography-a3c2c27-font-weight );text-transform:var( --e-global-typography-a3c2c27-text-transform );color:var( --e-global-color-bbd710c );}.elementor-2647 .elementor-element.elementor-element-a6c9c1c .jeg-elementor-kit.jkit-product-grid .product-categories a{color:var( --e-global-color-bbd710c );}.elementor-2647 .elementor-element.elementor-element-a6c9c1c .jeg-elementor-kit.jkit-product-grid .price{font-family:\"Montserrat\", Sans-serif;font-size:20px;font-weight:600;color:var( --e-global-color-0ec2b9b );}.elementor-2647 .elementor-element.elementor-element-a6c9c1c .jeg-elementor-kit.jkit-product-grid .price del{color:#FFFFFF;}.elementor-2647 .elementor-element.elementor-element-a6c9c1c .jeg-elementor-kit.jkit-product-grid .product-order{margin:0px 0px 20px 0px;float:right;}.elementor-2647 .elementor-element.elementor-element-a6c9c1c .jeg-elementor-kit.jkit-product-grid .product-order .orderby{font-family:var( --e-global-typography-text-font-family ), Sans-serif;font-size:var( --e-global-typography-text-font-size );font-weight:var( --e-global-typography-text-font-weight );text-transform:var( --e-global-typography-text-text-transform );color:var( --e-global-color-primary );border-radius:0px 0px 0px 0px;border-style:solid;border-width:1px 1px 1px 1px;border-color:var( --e-global-color-primary );}.elementor-2647 .elementor-element.elementor-element-a6c9c1c .jeg-elementor-kit.jkit-product-grid .product-order::before{color:var( --e-global-color-primary );}.elementor-2647 .elementor-element.elementor-element-a6c9c1c .jeg-elementor-kit.jkit-product-grid .jkit-block-pagination{margin:0px 0px 0px 0px;text-align:center;}.elementor-2647 .elementor-element.elementor-element-a6c9c1c .jeg-elementor-kit.jkit-product-grid .jkit-block-pagination .jkit-pagination-button:not(.jkit-block-nextprev), .elementor-2647 .elementor-element.elementor-element-a6c9c1c .jeg-elementor-kit.jkit-product-grid .jkit-block-pagination .jkit-pagination-button.jkit-block-nextprev a{padding:10px 10px 10px 10px;border-radius:0px 0px 0px 0px;border-style:solid;border-width:1px 1px 1px 1px;border-color:var( --e-global-color-primary );box-shadow:0px 0px 10px 0px rgba(0, 0, 0, 0);}.elementor-2647 .elementor-element.elementor-element-a6c9c1c .jeg-elementor-kit.jkit-product-grid .jkit-block-pagination .jkit-pagination-button i{font-size:14px;}.elementor-2647 .elementor-element.elementor-element-a6c9c1c .jeg-elementor-kit.jkit-product-grid .jkit-block-pagination .jkit-pagination-button svg{width:14px;}.elementor-2647 .elementor-element.elementor-element-a6c9c1c .jeg-elementor-kit.jkit-product-grid .jkit-block-pagination .jkit-pagination-button.jkit-nextprev-normal{display:inline-flex;gap:10px;}.elementor-2647 .elementor-element.elementor-element-a6c9c1c .jeg-elementor-kit.jkit-product-grid .jkit-block-pagination .jkit-pagination-button.jkit-block-nextprev .disabled{opacity:50%;color:var( --e-global-color-e440f85 );border-style:solid;border-width:1px 1px 1px 1px;border-color:#CBCBCB;}.elementor-2647 .elementor-element.elementor-element-a6c9c1c .jeg-elementor-kit.jkit-product-grid .jkit-block-pagination .jkit-pagination-button.jkit-block-nextprev .disabled svg{fill:var( --e-global-color-e440f85 );}.elementor-2647 .elementor-element.elementor-element-a6c9c1c .jeg-elementor-kit.jkit-postblock .jeg_empty_module{text-align:left;}@media(max-width:1024px){.elementor-2647 .elementor-element.elementor-element-9b56486{padding:60px 10px 30px 10px;}.elementor-2647 .elementor-element.elementor-element-f4660fb .elementor-heading-title{font-size:var( --e-global-typography-secondary-font-size );}.elementor-2647 .elementor-element.elementor-element-3bb3016{padding:030px 10px 60px 10px;}.elementor-2647 .elementor-element.elementor-element-16e75a9 .elementor-heading-title{font-size:38px;}.elementor-2647 .elementor-element.elementor-element-b873b39 .elementor-icon-list-item > .elementor-icon-list-text, .elementor-2647 .elementor-element.elementor-element-b873b39 .elementor-icon-list-item > a{font-size:var( --e-global-typography-8455a92-font-size );}.elementor-2647 .elementor-element.elementor-element-a6c9c1c .jkit-product-grid{--product-grid-column:2;}.elementor-2647 .elementor-element.elementor-element-a6c9c1c .jeg-elementor-kit.jkit-product-grid .jkit-products, .elementor-2647 .elementor-element.elementor-element-a6c9c1c .jeg-elementor-kit.jkit-product-carousel .jkit-products .button{text-align:center;}.elementor-2647 .elementor-element.elementor-element-a6c9c1c .jeg-elementor-kit.jkit-product-grid .star-rating{--rating-margin-center:0;}.elementor-2647 .elementor-element.elementor-element-a6c9c1c .jeg-elementor-kit.jkit-product-grid .woocommerce ul.products li.product .product-link span.onsale{font-size:var( --e-global-typography-a09f23a-font-size );}.elementor-2647 .elementor-element.elementor-element-a6c9c1c .jeg-elementor-kit.jkit-product-grid .product-title{font-size:var( --e-global-typography-a3c2c27-font-size );}.elementor-2647 .elementor-element.elementor-element-a6c9c1c .jeg-elementor-kit.jkit-product-grid .price{font-size:16px;}.elementor-2647 .elementor-element.elementor-element-a6c9c1c .jeg-elementor-kit.jkit-product-grid .product .button{font-size:var( --e-global-typography-accent-font-size );}.elementor-2647 .elementor-element.elementor-element-a6c9c1c .jeg-elementor-kit.jkit-product-grid .product-order .orderby{font-size:var( --e-global-typography-text-font-size );}}@media(max-width:767px){.elementor-2647 .elementor-element.elementor-element-9b56486{padding:060px 10px 30px 10px;}.elementor-2647 .elementor-element.elementor-element-f4660fb .elementor-heading-title{font-size:var( --e-global-typography-secondary-font-size );}.elementor-2647 .elementor-element.elementor-element-3bb3016{padding:0px 10px 60px 10px;}.elementor-2647 .elementor-element.elementor-element-16e75a9{text-align:start;}.elementor-2647 .elementor-element.elementor-element-16e75a9 .elementor-heading-title{font-size:28px;}.elementor-2647 .elementor-element.elementor-element-b873b39 .elementor-icon-list-item > .elementor-icon-list-text, .elementor-2647 .elementor-element.elementor-element-b873b39 .elementor-icon-list-item > a{font-size:var( --e-global-typography-8455a92-font-size );}.elementor-2647 .elementor-element.elementor-element-f93bf4a > .elementor-element-populated{padding:0px 0px 0px 0px;}.elementor-2647 .elementor-element.elementor-element-a6c9c1c .jkit-product-grid{--product-grid-column:1;}.elementor-2647 .elementor-element.elementor-element-a6c9c1c .jeg-elementor-kit.jkit-product-grid .jkit-products, .elementor-2647 .elementor-element.elementor-element-a6c9c1c .jeg-elementor-kit.jkit-product-carousel .jkit-products .button{text-align:center;}.elementor-2647 .elementor-element.elementor-element-a6c9c1c .jeg-elementor-kit.jkit-product-grid .star-rating{--rating-margin-center:0;}.elementor-2647 .elementor-element.elementor-element-a6c9c1c .jeg-elementor-kit.jkit-product-grid .woocommerce ul.products li.product .product-link span.onsale{font-size:var( --e-global-typography-a09f23a-font-size );}.elementor-2647 .elementor-element.elementor-element-a6c9c1c .jeg-elementor-kit.jkit-product-grid .product-title{font-size:var( --e-global-typography-a3c2c27-font-size );}.elementor-2647 .elementor-element.elementor-element-a6c9c1c .jeg-elementor-kit.jkit-product-grid .price{font-size:18px;}.elementor-2647 .elementor-element.elementor-element-a6c9c1c .jeg-elementor-kit.jkit-product-grid .product .button{padding:10px 20px 10px 20px;font-size:var( --e-global-typography-accent-font-size );}.elementor-2647 .elementor-element.elementor-element-a6c9c1c .jeg-elementor-kit.jkit-product-grid .product-order .orderby{font-size:var( --e-global-typography-text-font-size );}}@media(min-width:768px){.elementor-2647 .elementor-element.elementor-element-604b6a4{width:20%;}.elementor-2647 .elementor-element.elementor-element-f93bf4a{width:80%;}}@media(max-width:1024px) and (min-width:768px){.elementor-2647 .elementor-element.elementor-element-f93bf4a{width:100%;}}<\/style>\t\t<div data-elementor-type=\"wp-page\" data-elementor-id=\"2647\" class=\"elementor elementor-2647\">\n\t\t\t\t\t\t<section class=\"elementor-section elementor-top-section elementor-element elementor-element-9b56486 elementor-section-boxed elementor-section-height-default elementor-section-height-default\" data-id=\"9b56486\" data-element_type=\"section\" data-settings=\"{&quot;background_background&quot;:&quot;classic&quot;}\">\n\t\t\t\t\t\t<div class=\"elementor-container elementor-column-gap-default\">\n\t\t\t\t\t<div class=\"elementor-column elementor-col-100 elementor-top-column elementor-element elementor-element-b6cdb88\" data-id=\"b6cdb88\" data-element_type=\"column\">\n\t\t\t<div class=\"elementor-widget-wrap elementor-element-populated\">\n\t\t\t\t\t\t<div class=\"elementor-element elementor-element-f4660fb elementor-widget elementor-widget-heading\" data-id=\"f4660fb\" data-element_type=\"widget\" data-widget_type=\"heading.default\">\n\t\t\t\t<div class=\"elementor-widget-container\">\n\t\t\t\t\t<h2 class=\"elementor-heading-title elementor-size-default\">LINGERIE<\/h2>\t\t\t\t<\/div>\n\t\t\t\t<\/div>\n\t\t\t\t\t<\/div>\n\t\t<\/div>\n\t\t\t\t\t<\/div>\n\t\t<\/section>\n\t\t\t\t<section class=\"elementor-section elementor-top-section elementor-element elementor-element-3bb3016 elementor-section-boxed elementor-section-height-default elementor-section-height-default\" data-id=\"3bb3016\" data-element_type=\"section\" data-settings=\"{&quot;background_background&quot;:&quot;classic&quot;}\">\n\t\t\t\t\t\t<div class=\"elementor-container elementor-column-gap-default\">\n\t\t\t\t\t<div class=\"elementor-column elementor-col-50 elementor-top-column elementor-element elementor-element-604b6a4\" data-id=\"604b6a4\" data-element_type=\"column\">\n\t\t\t<div class=\"elementor-widget-wrap elementor-element-populated\">\n\t\t\t\t\t\t<div class=\"elementor-element elementor-element-16e75a9 elementor-widget elementor-widget-heading\" data-id=\"16e75a9\" data-element_type=\"widget\" data-widget_type=\"heading.default\">\n\t\t\t\t<div class=\"elementor-widget-container\">\n\t\t\t\t\t<h2 class=\"elementor-heading-title elementor-size-default\">Filter<\/h2>\t\t\t\t<\/div>\n\t\t\t\t<\/div>\n\t\t\t\t<div class=\"elementor-element elementor-element-b873b39 elementor-mobile-align-start elementor-icon-list--layout-traditional elementor-list-item-link-full_width elementor-widget elementor-widget-icon-list\" data-id=\"b873b39\" data-element_type=\"widget\" data-widget_type=\"icon-list.default\">\n\t\t\t\t<div class=\"elementor-widget-container\">\n\t\t\t\t\t\t\t<ul class=\"elementor-icon-list-items\">\n\t\t\t\t\t\t\t<li class=\"elementor-icon-list-item\">\n\t\t\t\t\t\t\t\t\t\t\t<a href=\"https:\/\/neon-lingerie.com\/en\/sa-zicom\/\">\n\n\t\t\t\t\t\t\t\t\t\t\t\t<span class=\"elementor-icon-list-icon\">\n\t\t\t\t\t\t\t<i aria-hidden=\"true\" class=\"fas fa-circle\"><\/i>\t\t\t\t\t\t<\/span>\n\t\t\t\t\t\t\t\t\t\t<span class=\"elementor-icon-list-text\">Basic<\/span>\n\t\t\t\t\t\t\t\t\t\t\t<\/a>\n\t\t\t\t\t\t\t\t\t<\/li>\n\t\t\t\t\t\t\t\t<li class=\"elementor-icon-list-item\">\n\t\t\t\t\t\t\t\t\t\t\t<a href=\"https:\/\/neon-lingerie.com\/en\/bez-zice\/\">\n\n\t\t\t\t\t\t\t\t\t\t\t\t<span class=\"elementor-icon-list-icon\">\n\t\t\t\t\t\t\t<i aria-hidden=\"true\" class=\"fas fa-circle\"><\/i>\t\t\t\t\t\t<\/span>\n\t\t\t\t\t\t\t\t\t\t<span class=\"elementor-icon-list-text\">No wire<\/span>\n\t\t\t\t\t\t\t\t\t\t\t<\/a>\n\t\t\t\t\t\t\t\t\t<\/li>\n\t\t\t\t\t\t\t\t<li class=\"elementor-icon-list-item\">\n\t\t\t\t\t\t\t\t\t\t\t<a href=\"https:\/\/neon-lingerie.com\/en\/push-up\/\">\n\n\t\t\t\t\t\t\t\t\t\t\t\t<span class=\"elementor-icon-list-icon\">\n\t\t\t\t\t\t\t<i aria-hidden=\"true\" class=\"fas fa-circle\"><\/i>\t\t\t\t\t\t<\/span>\n\t\t\t\t\t\t\t\t\t\t<span class=\"elementor-icon-list-text\">Push up<\/span>\n\t\t\t\t\t\t\t\t\t\t\t<\/a>\n\t\t\t\t\t\t\t\t\t<\/li>\n\t\t\t\t\t\t<\/ul>\n\t\t\t\t\t\t<\/div>\n\t\t\t\t<\/div>\n\t\t\t\t\t<\/div>\n\t\t<\/div>\n\t\t\t\t<div class=\"elementor-column elementor-col-50 elementor-top-column elementor-element elementor-element-f93bf4a\" data-id=\"f93bf4a\" data-element_type=\"column\">\n\t\t\t<div class=\"elementor-widget-wrap elementor-element-populated\">\n\t\t\t\t\t\t<div class=\"elementor-element elementor-element-a6c9c1c elementor-widget elementor-widget-jkit_product_grid\" data-id=\"a6c9c1c\" data-element_type=\"widget\" data-widget_type=\"jkit_product_grid.default\">\n\t\t\t\t<div class=\"elementor-widget-container\">\n\t\t\t\t\t<div  class=\"jeg-elementor-kit jkit-product-grid jkit-pagination-nextprev post-element jeg_module___69e34d11ae816\"  data-id=\"jeg_module___69e34d11ae816\" data-settings=\"{&quot;sg_content_column&quot;:4,&quot;sg_content_show_element&quot;:&quot;image,title,price&quot;,&quot;sg_content_show_button&quot;:&quot;yes&quot;,&quot;sg_content_sorting&quot;:&quot;yes&quot;,&quot;sg_content_image_heading&quot;:&quot;&quot;,&quot;sg_content_image_size&quot;:&quot;&quot;,&quot;sg_content_sale&quot;:&quot;&quot;,&quot;sg_content_percentage&quot;:&quot;&quot;,&quot;number_post&quot;:{&quot;unit&quot;:&quot;px&quot;,&quot;size&quot;:8,&quot;sizes&quot;:[]},&quot;post_offset&quot;:&quot;&quot;,&quot;wc_include_post&quot;:&quot;&quot;,&quot;wc_exclude_post&quot;:&quot;&quot;,&quot;wc_include_category&quot;:&quot;54&quot;,&quot;wc_exclude_category&quot;:&quot;&quot;,&quot;wc_include_tag&quot;:&quot;56&quot;,&quot;wc_exclude_tag&quot;:&quot;&quot;,&quot;sort_by&quot;:&quot;oldest&quot;,&quot;pagination_mode&quot;:&quot;nextprev&quot;,&quot;pagination_loadmore_text&quot;:&quot;Load More&quot;,&quot;pagination_loading_text&quot;:&quot;Loading...&quot;,&quot;pagination_number_post&quot;:{&quot;unit&quot;:&quot;px&quot;,&quot;size&quot;:4,&quot;sizes&quot;:[]},&quot;pagination_scroll_limit&quot;:0,&quot;pagination_icon&quot;:{&quot;value&quot;:&quot;&quot;,&quot;library&quot;:&quot;&quot;},&quot;pagination_icon_position&quot;:&quot;before&quot;,&quot;sg_content_image_size_imagesize_size&quot;:&quot;full&quot;,&quot;post_type&quot;:&quot;product&quot;,&quot;paged&quot;:1,&quot;class&quot;:&quot;jkit_product_grid&quot;}\"><div class=\"jkit-block-container\"><div class=\"jeg_empty_module\">No Products Available<\/div><div class=\"jkit-preloader-overlay\">\n\t\t\t\t\t<div class=\"jkit-preloader-type jkit-preloader-dot\">\n\t\t\t\t\t\t<div class=\"jkit-preloader\">\n\t\t\t\t\t\t\t<span><\/span><span><\/span><span><\/span>\n\t\t\t\t\t\t<\/div>\n\t\t\t\t\t<\/div>\n\t\t\t\t<\/div><\/div><div class=\"jkit-block-pagination jkit-align\"><div class=\"jkit-pagination-button jkit-block-nextprev jkit-nextprev-normal\">\n\t\t\t\t\t\t<a href=\"#\" class=\"prev disabled\" title=\"Previous\"><i aria-hidden=\"true\" class=\"jki jki-angle-left-solid\"><\/i><\/a>\n\t\t\t\t\t\t<a href=\"#\" class=\"next disabled\" title=\"Next\"><i aria-hidden=\"true\" class=\"jki jki-angle-right-solid\"><\/i><\/a>\n\t\t\t\t\t<\/div><\/div><\/div>\t\t\t\t<\/div>\n\t\t\t\t<\/div>\n\t\t\t\t\t<\/div>\n\t\t<\/div>\n\t\t\t\t\t<\/div>\n\t\t<\/section>\n\t\t\t\t<\/div>","protected":false},"excerpt":{"rendered":"<p>VE\u0160 Filter Sa \u017eicom Bez \u017eice Push up No Content Available<\/p>","protected":false},"author":3,"featured_media":0,"parent":0,"menu_order":0,"comment_status":"closed","ping_status":"closed","template":"elementor_header_footer","meta":{"om_disable_all_campaigns":false,"_monsterinsights_skip_tracking":false,"_monsterinsights_sitenote_active":false,"_monsterinsights_sitenote_note":"","_monsterinsights_sitenote_category":0,"footnotes":""},"class_list":["post-2647","page","type-page","status-publish","hentry"],"aioseo_notices":[],"_links":{"self":[{"href":"https:\/\/neon-lingerie.com\/en\/wp-json\/wp\/v2\/pages\/2647","targetHints":{"allow":["GET"]}}],"collection":[{"href":"https:\/\/neon-lingerie.com\/en\/wp-json\/wp\/v2\/pages"}],"about":[{"href":"https:\/\/neon-lingerie.com\/en\/wp-json\/wp\/v2\/types\/page"}],"author":[{"embeddable":true,"href":"https:\/\/neon-lingerie.com\/en\/wp-json\/wp\/v2\/users\/3"}],"replies":[{"embeddable":true,"href":"https:\/\/neon-lingerie.com\/en\/wp-json\/wp\/v2\/comments?post=2647"}],"version-history":[{"count":10,"href":"https:\/\/neon-lingerie.com\/en\/wp-json\/wp\/v2\/pages\/2647\/revisions"}],"predecessor-version":[{"id":2674,"href":"https:\/\/neon-lingerie.com\/en\/wp-json\/wp\/v2\/pages\/2647\/revisions\/2674"}],"wp:attachment":[{"href":"https:\/\/neon-lingerie.com\/en\/wp-json\/wp\/v2\/media?parent=2647"}],"curies":[{"name":"wp","href":"https:\/\/api.w.org\/{rel}","templated":true}]}}