{"id":1004,"date":"2023-07-07T12:09:19","date_gmt":"2023-07-07T12:09:19","guid":{"rendered":"https:\/\/dev-neon-lingerie.pantheonsite.io\/?post_type=product&#038;p=1004"},"modified":"2025-07-18T23:39:54","modified_gmt":"2025-07-18T21:39:54","slug":"bizcochito","status":"publish","type":"product","link":"https:\/\/neon-lingerie.com\/en\/proizvod\/bizcochito\/","title":{"rendered":"Bizcochito"},"content":{"rendered":"<ul>\n<li>Matte yellow three-piece set of women's underwear<\/li>\n<li>Baby pink embroidered lace floral details<\/li>\n<li>Additional support with a wire brush holder ensures a perfect fit<\/li>\n<li>Elastin and lace in combination make the model visually blend with the body, so it fits perfectly on every body<\/li>\n<li>Gold metallic branding accents on bra, halter and briefs<\/li>\n<li>85% polyester, 15% acrylic<\/li>\n<\/ul>","protected":false},"excerpt":{"rendered":"<p>Mat \u017euti trodelni set \u017eenskog donjeg ve\u0161a Bebi roze vezeni \u010dipkani cvetni detalji Dodatna potpora sa brushalterom sa \u017eicom obezbe\u0111uje savr\u0161eno prijanjanje Elastin i \u010dipka u kombinaciji \u010dine da se model vizuelno stapa sa telom, tako da savr\u0161eno stoji svakom telu Zlatni metalni akcenti brenda na brushalteru, halterima i ga\u0107icama 85% poliester, 15% akril<\/p>","protected":false},"featured_media":2465,"template":"","meta":{"om_disable_all_campaigns":false,"_monsterinsights_skip_tracking":false,"_monsterinsights_sitenote_active":false,"_monsterinsights_sitenote_note":"","_monsterinsights_sitenote_category":0},"product_brand":[],"product_cat":[46,54],"product_tag":[55],"class_list":{"0":"post-1004","1":"product","2":"type-product","3":"status-publish","4":"has-post-thumbnail","6":"product_cat-akcija","7":"product_cat-ves","8":"product_tag-sa-zicom","9":"pa_velicina-l","10":"pa_velicina-m","11":"pa_velicina-s","12":"pa_velicina-xl","13":"pa_velicina-xs","15":"first","16":"instock","17":"shipping-taxable","18":"purchasable","19":"product-type-variable","20":"has-default-attributes"},"aioseo_notices":[],"_links":{"self":[{"href":"https:\/\/neon-lingerie.com\/en\/wp-json\/wp\/v2\/product\/1004","targetHints":{"allow":["GET"]}}],"collection":[{"href":"https:\/\/neon-lingerie.com\/en\/wp-json\/wp\/v2\/product"}],"about":[{"href":"https:\/\/neon-lingerie.com\/en\/wp-json\/wp\/v2\/types\/product"}],"wp:featuredmedia":[{"embeddable":true,"href":"https:\/\/neon-lingerie.com\/en\/wp-json\/wp\/v2\/media\/2465"}],"wp:attachment":[{"href":"https:\/\/neon-lingerie.com\/en\/wp-json\/wp\/v2\/media?parent=1004"}],"wp:term":[{"taxonomy":"product_brand","embeddable":true,"href":"https:\/\/neon-lingerie.com\/en\/wp-json\/wp\/v2\/product_brand?post=1004"},{"taxonomy":"product_cat","embeddable":true,"href":"https:\/\/neon-lingerie.com\/en\/wp-json\/wp\/v2\/product_cat?post=1004"},{"taxonomy":"product_tag","embeddable":true,"href":"https:\/\/neon-lingerie.com\/en\/wp-json\/wp\/v2\/product_tag?post=1004"}],"curies":[{"name":"wp","href":"https:\/\/api.w.org\/{rel}","templated":true}]}}