{"id":1021,"date":"2023-07-07T12:20:33","date_gmt":"2023-07-07T12:20:33","guid":{"rendered":"https:\/\/dev-neon-lingerie.pantheonsite.io\/?post_type=product&#038;p=1021"},"modified":"2025-05-30T19:39:28","modified_gmt":"2025-05-30T17:39:28","slug":"chicle","status":"publish","type":"product","link":"https:\/\/neon-lingerie.com\/en\/proizvod\/chicle\/","title":{"rendered":"Chicle"},"content":{"rendered":"<ul>\n<li>Light pink three-piece set<\/li>\n<li>Soft cotton that gives a sense of invisibility and comfort<\/li>\n<li>The straps are adjustable<\/li>\n<li>A spare strip comes in the pack which you can use for additional reinforcement in the center section or use if you accidentally tear the existing ones<\/li>\n<li>The bra has additional wire support on the sides so that the clothes stand still on the body and allow for a light fit<\/li>\n<li>65% cotton, 35% polyester<\/li>\n<\/ul>","protected":false},"excerpt":{"rendered":"<p>Pink svetlo roze trodelni set Mekani pamuk koji daje ose\u0107aj neprimetnosti i udobnosti Trake su podesive Rezervna traka dolazi u pakovanju koju mo\u017eete koristiti za dodatno u\u010dvr\u0161\u0107ivanje u\u00a0 centralnom delu ili je iskoristiti ako slu\u010dajno pokidate postoje\u0107e Brushalter ima dodatnu potporu \u017eicom i sa strane tako da ve\u0161 stoji nepomi\u010dno na telu i omogu\u0107ava lagano [&hellip;]<\/p>","protected":false},"featured_media":2466,"template":"","meta":{"om_disable_all_campaigns":false,"_monsterinsights_skip_tracking":false,"_monsterinsights_sitenote_active":false,"_monsterinsights_sitenote_note":"","_monsterinsights_sitenote_category":0},"product_brand":[],"product_cat":[46,54],"product_tag":[55],"class_list":{"0":"post-1021","1":"product","2":"type-product","3":"status-publish","4":"has-post-thumbnail","6":"product_cat-akcija","7":"product_cat-ves","8":"product_tag-sa-zicom","9":"pa_velicina-l","10":"pa_velicina-m","11":"pa_velicina-s","12":"pa_velicina-xl","13":"pa_velicina-xs","15":"first","16":"instock","17":"shipping-taxable","18":"purchasable","19":"product-type-variable","20":"has-default-attributes"},"aioseo_notices":[],"_links":{"self":[{"href":"https:\/\/neon-lingerie.com\/en\/wp-json\/wp\/v2\/product\/1021","targetHints":{"allow":["GET"]}}],"collection":[{"href":"https:\/\/neon-lingerie.com\/en\/wp-json\/wp\/v2\/product"}],"about":[{"href":"https:\/\/neon-lingerie.com\/en\/wp-json\/wp\/v2\/types\/product"}],"wp:featuredmedia":[{"embeddable":true,"href":"https:\/\/neon-lingerie.com\/en\/wp-json\/wp\/v2\/media\/2466"}],"wp:attachment":[{"href":"https:\/\/neon-lingerie.com\/en\/wp-json\/wp\/v2\/media?parent=1021"}],"wp:term":[{"taxonomy":"product_brand","embeddable":true,"href":"https:\/\/neon-lingerie.com\/en\/wp-json\/wp\/v2\/product_brand?post=1021"},{"taxonomy":"product_cat","embeddable":true,"href":"https:\/\/neon-lingerie.com\/en\/wp-json\/wp\/v2\/product_cat?post=1021"},{"taxonomy":"product_tag","embeddable":true,"href":"https:\/\/neon-lingerie.com\/en\/wp-json\/wp\/v2\/product_tag?post=1021"}],"curies":[{"name":"wp","href":"https:\/\/api.w.org\/{rel}","templated":true}]}}