{"id":1030,"date":"2023-07-07T12:26:05","date_gmt":"2023-07-07T12:26:05","guid":{"rendered":"https:\/\/dev-neon-lingerie.pantheonsite.io\/?post_type=product&#038;p=1030"},"modified":"2025-05-30T19:40:01","modified_gmt":"2025-05-30T17:40:01","slug":"salvaje","status":"publish","type":"product","link":"https:\/\/neon-lingerie.com\/en\/proizvod\/salvaje\/","title":{"rendered":"Salvaje"},"content":{"rendered":"<ul>\n<li>Red women's 2-piece halter underwear<\/li>\n<li>The so-called underboob model, which visually makes the chest bigger, also has a wire support<\/li>\n<li>The straps are adjustable, you can modify them as you wish<\/li>\n<li>It is easy to maintain and take off in 2 movements, it is invisible on the body because we used the softest cotton to make it<\/li>\n<li>65% cotton, 35% polyester<\/li>\n<\/ul>","protected":false},"excerpt":{"rendered":"<p>Crveni \u017eenski donji ve\u0161 iz 2 dela sa halterima Takozvani underboob model koji vizuelno \u010dini grudi ve\u0107em ima i \u017ei\u010danu potporu Trake su podesive, mo\u017eete ih modifikovati po \u017eelji Lako se odr\u017eava i skida u 2 pokreta, neprimetan je na telu jer smo za izradu koristili najmek\u0161i pamuk 65% pamuk, 35% poliester<\/p>","protected":false},"featured_media":2463,"template":"","meta":{"om_disable_all_campaigns":false,"_monsterinsights_skip_tracking":false,"_monsterinsights_sitenote_active":false,"_monsterinsights_sitenote_note":"","_monsterinsights_sitenote_category":0},"product_brand":[],"product_cat":[46,54],"product_tag":[55],"class_list":{"0":"post-1030","1":"product","2":"type-product","3":"status-publish","4":"has-post-thumbnail","6":"product_cat-akcija","7":"product_cat-ves","8":"product_tag-sa-zicom","9":"pa_velicina-l","10":"pa_velicina-m","11":"pa_velicina-s","12":"pa_velicina-xl","13":"pa_velicina-xs","15":"first","16":"instock","17":"shipping-taxable","18":"purchasable","19":"product-type-variable","20":"has-default-attributes"},"aioseo_notices":[],"_links":{"self":[{"href":"https:\/\/neon-lingerie.com\/en\/wp-json\/wp\/v2\/product\/1030","targetHints":{"allow":["GET"]}}],"collection":[{"href":"https:\/\/neon-lingerie.com\/en\/wp-json\/wp\/v2\/product"}],"about":[{"href":"https:\/\/neon-lingerie.com\/en\/wp-json\/wp\/v2\/types\/product"}],"wp:featuredmedia":[{"embeddable":true,"href":"https:\/\/neon-lingerie.com\/en\/wp-json\/wp\/v2\/media\/2463"}],"wp:attachment":[{"href":"https:\/\/neon-lingerie.com\/en\/wp-json\/wp\/v2\/media?parent=1030"}],"wp:term":[{"taxonomy":"product_brand","embeddable":true,"href":"https:\/\/neon-lingerie.com\/en\/wp-json\/wp\/v2\/product_brand?post=1030"},{"taxonomy":"product_cat","embeddable":true,"href":"https:\/\/neon-lingerie.com\/en\/wp-json\/wp\/v2\/product_cat?post=1030"},{"taxonomy":"product_tag","embeddable":true,"href":"https:\/\/neon-lingerie.com\/en\/wp-json\/wp\/v2\/product_tag?post=1030"}],"curies":[{"name":"wp","href":"https:\/\/api.w.org\/{rel}","templated":true}]}}