{"id":1039,"date":"2023-07-07T12:30:47","date_gmt":"2023-07-07T12:30:47","guid":{"rendered":"https:\/\/dev-neon-lingerie.pantheonsite.io\/?post_type=product&#038;p=1039"},"modified":"2025-05-30T19:40:35","modified_gmt":"2025-05-30T17:40:35","slug":"amable","status":"publish","type":"product","link":"https:\/\/neon-lingerie.com\/en\/proizvod\/amable\/","title":{"rendered":"Amable"},"content":{"rendered":"<ul>\n<li>White three-piece women's set<\/li>\n<li>Bra with V-neckline<\/li>\n<li>Push-up<\/li>\n<li>The panties are in the form of bras and are very soft and comfortable to wear<\/li>\n<li>Halteres can be adjusted in several ways, they have the option of lacing<\/li>\n<li>The straps are adjustable<\/li>\n<li>Metallic branding details on bra and panties<\/li>\n<li>85% polyester, 15% acrylic<\/li>\n<\/ul>","protected":false},"excerpt":{"rendered":"<p>Beli trodelni \u017eenski set Brushalter sa V izrezom Push-up Ga\u0107ice su u formi brazilki i jako mekane i udobne za no\u0161enje Halteri se mogu podesiti na vi\u0161e na\u010dina, imaju opciju pertlanja Sve trake su podesive Metalni akcenti brenda na brushalteru i ga\u0107icama 85% poliester, 15% akril<\/p>","protected":false},"featured_media":2394,"template":"","meta":{"om_disable_all_campaigns":false,"_monsterinsights_skip_tracking":false,"_monsterinsights_sitenote_active":false,"_monsterinsights_sitenote_note":"","_monsterinsights_sitenote_category":0},"product_brand":[],"product_cat":[46,54],"product_tag":[57],"class_list":{"0":"post-1039","1":"product","2":"type-product","3":"status-publish","4":"has-post-thumbnail","6":"product_cat-akcija","7":"product_cat-ves","8":"product_tag-push-up","9":"pa_velicina-l","10":"pa_velicina-m","11":"pa_velicina-s","12":"pa_velicina-xl","13":"pa_velicina-xs","15":"first","16":"instock","17":"shipping-taxable","18":"purchasable","19":"product-type-variable","20":"has-default-attributes"},"aioseo_notices":[],"_links":{"self":[{"href":"https:\/\/neon-lingerie.com\/en\/wp-json\/wp\/v2\/product\/1039","targetHints":{"allow":["GET"]}}],"collection":[{"href":"https:\/\/neon-lingerie.com\/en\/wp-json\/wp\/v2\/product"}],"about":[{"href":"https:\/\/neon-lingerie.com\/en\/wp-json\/wp\/v2\/types\/product"}],"wp:featuredmedia":[{"embeddable":true,"href":"https:\/\/neon-lingerie.com\/en\/wp-json\/wp\/v2\/media\/2394"}],"wp:attachment":[{"href":"https:\/\/neon-lingerie.com\/en\/wp-json\/wp\/v2\/media?parent=1039"}],"wp:term":[{"taxonomy":"product_brand","embeddable":true,"href":"https:\/\/neon-lingerie.com\/en\/wp-json\/wp\/v2\/product_brand?post=1039"},{"taxonomy":"product_cat","embeddable":true,"href":"https:\/\/neon-lingerie.com\/en\/wp-json\/wp\/v2\/product_cat?post=1039"},{"taxonomy":"product_tag","embeddable":true,"href":"https:\/\/neon-lingerie.com\/en\/wp-json\/wp\/v2\/product_tag?post=1039"}],"curies":[{"name":"wp","href":"https:\/\/api.w.org\/{rel}","templated":true}]}}