{"id":1051,"date":"2023-07-07T12:38:27","date_gmt":"2023-07-07T12:38:27","guid":{"rendered":"https:\/\/dev-neon-lingerie.pantheonsite.io\/?post_type=product&#038;p=1051"},"modified":"2025-05-30T18:24:33","modified_gmt":"2025-05-30T16:24:33","slug":"dulce","status":"publish","type":"product","link":"https:\/\/neon-lingerie.com\/en\/proizvod\/dulce\/","title":{"rendered":"Dulce"},"content":{"rendered":"<ul>\n<li>Pink three-piece set<\/li>\n<li>Soft cotton that gives a sense of invisibility and comfort<\/li>\n<li>Push-up<\/li>\n<li>The straps are adjustable<\/li>\n<li>Metallic branding details on bra and panties<\/li>\n<li>85% polyester, 15% acrylic<\/li>\n<\/ul>","protected":false},"excerpt":{"rendered":"<p>Pink roze trodelni set Mekana \u010dipka koji daje ose\u0107aj neprimetnosti i udobnosti Push-up brushalter Trake su podesive Metalni akcenti brenda na brushalteru i ga\u0107icama 85% poliester, 15% akril<\/p>","protected":false},"featured_media":2401,"template":"","meta":{"om_disable_all_campaigns":false,"_monsterinsights_skip_tracking":false,"_monsterinsights_sitenote_active":false,"_monsterinsights_sitenote_note":"","_monsterinsights_sitenote_category":0},"product_brand":[],"product_cat":[46,54],"product_tag":[57],"class_list":{"0":"post-1051","1":"product","2":"type-product","3":"status-publish","4":"has-post-thumbnail","6":"product_cat-akcija","7":"product_cat-ves","8":"product_tag-push-up","9":"pa_velicina-l","10":"pa_velicina-m","11":"pa_velicina-s","12":"pa_velicina-xl","13":"pa_velicina-xs","15":"first","16":"instock","17":"shipping-taxable","18":"purchasable","19":"product-type-variable","20":"has-default-attributes"},"aioseo_notices":[],"_links":{"self":[{"href":"https:\/\/neon-lingerie.com\/en\/wp-json\/wp\/v2\/product\/1051","targetHints":{"allow":["GET"]}}],"collection":[{"href":"https:\/\/neon-lingerie.com\/en\/wp-json\/wp\/v2\/product"}],"about":[{"href":"https:\/\/neon-lingerie.com\/en\/wp-json\/wp\/v2\/types\/product"}],"wp:featuredmedia":[{"embeddable":true,"href":"https:\/\/neon-lingerie.com\/en\/wp-json\/wp\/v2\/media\/2401"}],"wp:attachment":[{"href":"https:\/\/neon-lingerie.com\/en\/wp-json\/wp\/v2\/media?parent=1051"}],"wp:term":[{"taxonomy":"product_brand","embeddable":true,"href":"https:\/\/neon-lingerie.com\/en\/wp-json\/wp\/v2\/product_brand?post=1051"},{"taxonomy":"product_cat","embeddable":true,"href":"https:\/\/neon-lingerie.com\/en\/wp-json\/wp\/v2\/product_cat?post=1051"},{"taxonomy":"product_tag","embeddable":true,"href":"https:\/\/neon-lingerie.com\/en\/wp-json\/wp\/v2\/product_tag?post=1051"}],"curies":[{"name":"wp","href":"https:\/\/api.w.org\/{rel}","templated":true}]}}