{"id":1070,"date":"2023-07-07T13:42:54","date_gmt":"2023-07-07T13:42:54","guid":{"rendered":"https:\/\/dev-neon-lingerie.pantheonsite.io\/?post_type=product&#038;p=1070"},"modified":"2025-11-02T09:59:48","modified_gmt":"2025-11-02T07:59:48","slug":"malvada","status":"publish","type":"product","link":"https:\/\/neon-lingerie.com\/en\/proizvod\/malvada\/","title":{"rendered":"Malvada"},"content":{"rendered":"<ul>\n<li>Black model of women's underwear from 2 parts<\/li>\n<li>Bra with wire and straps allow this model to fit perfectly and follow the shape of the body<\/li>\n<li>Push-up<\/li>\n<li>The straps are adjustable<\/li>\n<li>You get halters that can be removed or attached to the panties as needed<\/li>\n<li>Deeper panties with lace, Brazilian style<\/li>\n<li>Metallic branding details on bra and panties<\/li>\n<li>85% polyester, 15% acrylic<\/li>\n<\/ul>","protected":false},"excerpt":{"rendered":"<p>Crni model \u017eenskog ve\u0161a iz 2 dela Brushalter sa \u017eicom i trake omogu\u0107uju da ovaj model savr\u0161eno prijanja i prati oblik tela Push-up punjenje Trake su prilagodljive Dobijaju se halteri koji se mogu skinuti ili prika\u010diti za ga\u0107ice po potrebi Dublje ga\u0107ice sa \u010dipkom, brazilka stil Metalni akcenti brenda na brushalteru i ga\u0107icama 85% poliester, [&hellip;]<\/p>","protected":false},"featured_media":2407,"template":"","meta":{"om_disable_all_campaigns":false,"_monsterinsights_skip_tracking":false,"_monsterinsights_sitenote_active":false,"_monsterinsights_sitenote_note":"","_monsterinsights_sitenote_category":0},"product_brand":[],"product_cat":[46,54],"product_tag":[55],"class_list":{"0":"post-1070","1":"product","2":"type-product","3":"status-publish","4":"has-post-thumbnail","6":"product_cat-akcija","7":"product_cat-ves","8":"product_tag-sa-zicom","9":"pa_velicina-l","10":"pa_velicina-m","11":"pa_velicina-s","12":"pa_velicina-xl","13":"pa_velicina-xs","15":"first","16":"instock","17":"shipping-taxable","18":"purchasable","19":"product-type-variable","20":"has-default-attributes"},"aioseo_notices":[],"_links":{"self":[{"href":"https:\/\/neon-lingerie.com\/en\/wp-json\/wp\/v2\/product\/1070","targetHints":{"allow":["GET"]}}],"collection":[{"href":"https:\/\/neon-lingerie.com\/en\/wp-json\/wp\/v2\/product"}],"about":[{"href":"https:\/\/neon-lingerie.com\/en\/wp-json\/wp\/v2\/types\/product"}],"wp:featuredmedia":[{"embeddable":true,"href":"https:\/\/neon-lingerie.com\/en\/wp-json\/wp\/v2\/media\/2407"}],"wp:attachment":[{"href":"https:\/\/neon-lingerie.com\/en\/wp-json\/wp\/v2\/media?parent=1070"}],"wp:term":[{"taxonomy":"product_brand","embeddable":true,"href":"https:\/\/neon-lingerie.com\/en\/wp-json\/wp\/v2\/product_brand?post=1070"},{"taxonomy":"product_cat","embeddable":true,"href":"https:\/\/neon-lingerie.com\/en\/wp-json\/wp\/v2\/product_cat?post=1070"},{"taxonomy":"product_tag","embeddable":true,"href":"https:\/\/neon-lingerie.com\/en\/wp-json\/wp\/v2\/product_tag?post=1070"}],"curies":[{"name":"wp","href":"https:\/\/api.w.org\/{rel}","templated":true}]}}