{"id":1092,"date":"2023-07-07T13:57:54","date_gmt":"2023-07-07T13:57:54","guid":{"rendered":"https:\/\/dev-neon-lingerie.pantheonsite.io\/?post_type=product&#038;p=1092"},"modified":"2024-11-07T06:23:23","modified_gmt":"2024-11-07T04:23:23","slug":"narciso","status":"publish","type":"product","link":"https:\/\/neon-lingerie.com\/en\/proizvod\/narciso\/","title":{"rendered":"Narciso"},"content":{"rendered":"<ul>\n<li>Light green three-piece lingerie set<\/li>\n<li>Striking color, visible even at night<\/li>\n<li>Straps and halters are adjustable<\/li>\n<li>The lace is very soft<\/li>\n<li>Metallic accents with the brand's logo on the brush halter, briefs and halter<\/li>\n<li>Limited edition<\/li>\n<li>85% polyester, 15% acrylic<\/li>\n<\/ul>","protected":false},"excerpt":{"rendered":"<p>Svetlo zeleni trodelni set \u017eenskog ve\u0161a Upe\u010datljiva boja, vidljiva i no\u0107u Trake i halteri su podesivi \u010cipka je jako mekana Metalni akcenti sa logom brenda na brushalteru, ga\u0107icama i halterima Limited edition 85% poliester, 15% akril<\/p>","protected":false},"featured_media":2079,"template":"","meta":{"om_disable_all_campaigns":false,"_monsterinsights_skip_tracking":false,"_monsterinsights_sitenote_active":false,"_monsterinsights_sitenote_note":"","_monsterinsights_sitenote_category":0},"product_brand":[],"product_cat":[54],"product_tag":[55],"class_list":{"0":"post-1092","1":"product","2":"type-product","3":"status-publish","4":"has-post-thumbnail","6":"product_cat-ves","7":"product_tag-sa-zicom","8":"pa_velicina-l","9":"pa_velicina-m","10":"pa_velicina-s","11":"pa_velicina-xl","12":"pa_velicina-xs","14":"first","15":"instock","16":"shipping-taxable","17":"purchasable","18":"product-type-variable","19":"has-default-attributes"},"aioseo_notices":[],"_links":{"self":[{"href":"https:\/\/neon-lingerie.com\/en\/wp-json\/wp\/v2\/product\/1092","targetHints":{"allow":["GET"]}}],"collection":[{"href":"https:\/\/neon-lingerie.com\/en\/wp-json\/wp\/v2\/product"}],"about":[{"href":"https:\/\/neon-lingerie.com\/en\/wp-json\/wp\/v2\/types\/product"}],"wp:featuredmedia":[{"embeddable":true,"href":"https:\/\/neon-lingerie.com\/en\/wp-json\/wp\/v2\/media\/2079"}],"wp:attachment":[{"href":"https:\/\/neon-lingerie.com\/en\/wp-json\/wp\/v2\/media?parent=1092"}],"wp:term":[{"taxonomy":"product_brand","embeddable":true,"href":"https:\/\/neon-lingerie.com\/en\/wp-json\/wp\/v2\/product_brand?post=1092"},{"taxonomy":"product_cat","embeddable":true,"href":"https:\/\/neon-lingerie.com\/en\/wp-json\/wp\/v2\/product_cat?post=1092"},{"taxonomy":"product_tag","embeddable":true,"href":"https:\/\/neon-lingerie.com\/en\/wp-json\/wp\/v2\/product_tag?post=1092"}],"curies":[{"name":"wp","href":"https:\/\/api.w.org\/{rel}","templated":true}]}}