{"id":1155,"date":"2023-07-07T15:46:18","date_gmt":"2023-07-07T15:46:18","guid":{"rendered":"https:\/\/dev-neon-lingerie.pantheonsite.io\/?post_type=product&#038;p=1155"},"modified":"2023-10-09T01:00:53","modified_gmt":"2023-10-08T23:00:53","slug":"suave","status":"publish","type":"product","link":"https:\/\/neon-lingerie.com\/en\/proizvod\/suave\/","title":{"rendered":"Suave"},"content":{"rendered":"<ul>\n<li>Limited edition<\/li>\n<li>Three-piece pure silk women's set<\/li>\n<li>Handcrafted, carefully sewed<\/li>\n<li>Bra without wire, with filling for additional breast lift<\/li>\n<li>V neck<\/li>\n<li>The halters are adjustable<\/li>\n<li>Perfect for any occasion, wedding or everyday wear<\/li>\n<li>Easy maintenance<\/li>\n<li>100% Mulberry silk\/A category<\/li>\n<\/ul>","protected":false},"excerpt":{"rendered":"<p>Limited edition Trodelni svileni \u017eenski set od \u010diste svile Ru\u010dna, pa\u017eljiva izrada Brushalter bez \u017eice, sa punjenjem za dodatno podizanje grudi V izrez Halteri su podesivi Savr\u0161en za svaku priliku, ven\u010danje ili svakodnevno no\u0161enje Lako odr\u017eavanje 100% Mulberry svila\/A kategorija<\/p>","protected":false},"featured_media":2066,"template":"","meta":{"om_disable_all_campaigns":false,"_monsterinsights_skip_tracking":false,"_monsterinsights_sitenote_active":false,"_monsterinsights_sitenote_note":"","_monsterinsights_sitenote_category":0},"product_brand":[],"product_cat":[23],"product_tag":[],"class_list":{"0":"post-1155","1":"product","2":"type-product","3":"status-publish","4":"has-post-thumbnail","6":"product_cat-svila","7":"pa_velicina-m","8":"pa_velicina-s","10":"first","11":"instock","12":"shipping-taxable","13":"purchasable","14":"product-type-variable","15":"has-default-attributes"},"aioseo_notices":[],"_links":{"self":[{"href":"https:\/\/neon-lingerie.com\/en\/wp-json\/wp\/v2\/product\/1155","targetHints":{"allow":["GET"]}}],"collection":[{"href":"https:\/\/neon-lingerie.com\/en\/wp-json\/wp\/v2\/product"}],"about":[{"href":"https:\/\/neon-lingerie.com\/en\/wp-json\/wp\/v2\/types\/product"}],"wp:featuredmedia":[{"embeddable":true,"href":"https:\/\/neon-lingerie.com\/en\/wp-json\/wp\/v2\/media\/2066"}],"wp:attachment":[{"href":"https:\/\/neon-lingerie.com\/en\/wp-json\/wp\/v2\/media?parent=1155"}],"wp:term":[{"taxonomy":"product_brand","embeddable":true,"href":"https:\/\/neon-lingerie.com\/en\/wp-json\/wp\/v2\/product_brand?post=1155"},{"taxonomy":"product_cat","embeddable":true,"href":"https:\/\/neon-lingerie.com\/en\/wp-json\/wp\/v2\/product_cat?post=1155"},{"taxonomy":"product_tag","embeddable":true,"href":"https:\/\/neon-lingerie.com\/en\/wp-json\/wp\/v2\/product_tag?post=1155"}],"curies":[{"name":"wp","href":"https:\/\/api.w.org\/{rel}","templated":true}]}}