{"id":122,"date":"2023-06-05T14:39:59","date_gmt":"2023-06-05T14:39:59","guid":{"rendered":"https:\/\/dev-neon-lingerie.pantheonsite.io\/?post_type=product&#038;p=122"},"modified":"2025-05-30T19:37:16","modified_gmt":"2025-05-30T17:37:16","slug":"sueno","status":"publish","type":"product","link":"https:\/\/neon-lingerie.com\/en\/proizvod\/sueno\/","title":{"rendered":"Sueno"},"content":{"rendered":"<ul>\n<li>Lavender purple women's underwear set with floral details<\/li>\n<li>Two-piece set with embroidered lace<\/li>\n<li>Soft material that feels like a second skin<\/li>\n<li>Additional support with bra with wire<\/li>\n<li>Metallic branding details on bra and panties<\/li>\n<li>85% polyester, 15% acrylic<\/li>\n<\/ul>","protected":false},"excerpt":{"rendered":"<p>Lavanda ljubi\u010dasti set \u017eenskog donjeg ve\u0161a sa cvetnim detaljima Dvodelni set sa vezenom \u010dipkom Mekan materijal koji pru\u017ea ose\u0107aj druge ko\u017ee Dodatna potpora sa brushalterom sa \u017eicom Metalni akcenti brenda na brushalteru i ga\u0107icama 85% poliester, 15% akril<\/p>","protected":false},"featured_media":2444,"template":"","meta":{"om_disable_all_campaigns":false,"_monsterinsights_skip_tracking":false,"_monsterinsights_sitenote_active":false,"_monsterinsights_sitenote_note":"","_monsterinsights_sitenote_category":0},"product_brand":[],"product_cat":[46,54],"product_tag":[55],"class_list":{"0":"post-122","1":"product","2":"type-product","3":"status-publish","4":"has-post-thumbnail","6":"product_cat-akcija","7":"product_cat-ves","8":"product_tag-sa-zicom","9":"pa_velicina-l","10":"pa_velicina-m","11":"pa_velicina-s","12":"pa_velicina-xl","13":"pa_velicina-xs","15":"first","16":"instock","17":"shipping-taxable","18":"purchasable","19":"product-type-variable","20":"has-default-attributes"},"aioseo_notices":[],"_links":{"self":[{"href":"https:\/\/neon-lingerie.com\/en\/wp-json\/wp\/v2\/product\/122","targetHints":{"allow":["GET"]}}],"collection":[{"href":"https:\/\/neon-lingerie.com\/en\/wp-json\/wp\/v2\/product"}],"about":[{"href":"https:\/\/neon-lingerie.com\/en\/wp-json\/wp\/v2\/types\/product"}],"wp:featuredmedia":[{"embeddable":true,"href":"https:\/\/neon-lingerie.com\/en\/wp-json\/wp\/v2\/media\/2444"}],"wp:attachment":[{"href":"https:\/\/neon-lingerie.com\/en\/wp-json\/wp\/v2\/media?parent=122"}],"wp:term":[{"taxonomy":"product_brand","embeddable":true,"href":"https:\/\/neon-lingerie.com\/en\/wp-json\/wp\/v2\/product_brand?post=122"},{"taxonomy":"product_cat","embeddable":true,"href":"https:\/\/neon-lingerie.com\/en\/wp-json\/wp\/v2\/product_cat?post=122"},{"taxonomy":"product_tag","embeddable":true,"href":"https:\/\/neon-lingerie.com\/en\/wp-json\/wp\/v2\/product_tag?post=122"}],"curies":[{"name":"wp","href":"https:\/\/api.w.org\/{rel}","templated":true}]}}